{"id":938,"date":"2025-09-04T09:01:24","date_gmt":"2025-09-04T09:01:24","guid":{"rendered":"https:\/\/fruityloot.com\/home-2\/"},"modified":"2025-09-08T09:47:24","modified_gmt":"2025-09-08T09:47:24","slug":"home-2","status":"publish","type":"page","link":"https:\/\/fruityloot.com\/fr\/","title":{"rendered":"Home"},"content":{"rendered":"","protected":false},"excerpt":{"rendered":"","protected":false},"author":1,"featured_media":1400,"parent":0,"menu_order":0,"comment_status":"closed","ping_status":"closed","template":"","meta":{"_acf_changed":false,"_yoast_wpseo_focuskw":"Actualit\u00e9s Jeux Vid\u00e9o","_rank_math_title":"","_rank_math_description":"","_rank_math_focus_keyword":"","_rank_math_social_image":"","_yoast_wpseo_title":"Fruityloot | Actualit\u00e9s Jeux Vid\u00e9o & Tendances Gaming","_yoast_wpseo_metadesc":"D\u00e9couvrez les derni\u00e8res actualit\u00e9s jeux vid\u00e9o, tests, critiques et tendances gaming pour rester inform\u00e9 chaque jour.","footnotes":""},"class_list":["post-938","page","type-page","status-publish","has-post-thumbnail","hentry"],"acf":[],"_links":{"self":[{"href":"https:\/\/fruityloot.com\/fr\/wp-json\/wp\/v2\/pages\/938","targetHints":{"allow":["GET"]}}],"collection":[{"href":"https:\/\/fruityloot.com\/fr\/wp-json\/wp\/v2\/pages"}],"about":[{"href":"https:\/\/fruityloot.com\/fr\/wp-json\/wp\/v2\/types\/page"}],"author":[{"embeddable":true,"href":"https:\/\/fruityloot.com\/fr\/wp-json\/wp\/v2\/users\/1"}],"replies":[{"embeddable":true,"href":"https:\/\/fruityloot.com\/fr\/wp-json\/wp\/v2\/comments?post=938"}],"version-history":[{"count":1,"href":"https:\/\/fruityloot.com\/fr\/wp-json\/wp\/v2\/pages\/938\/revisions"}],"predecessor-version":[{"id":939,"href":"https:\/\/fruityloot.com\/fr\/wp-json\/wp\/v2\/pages\/938\/revisions\/939"}],"wp:featuredmedia":[{"embeddable":true,"href":"https:\/\/fruityloot.com\/fr\/wp-json\/wp\/v2\/media\/1400"}],"wp:attachment":[{"href":"https:\/\/fruityloot.com\/fr\/wp-json\/wp\/v2\/media?parent=938"}],"curies":[{"name":"wp","href":"https:\/\/api.w.org\/{rel}","templated":true}]}}